{"id":276,"date":"2026-05-05T07:30:00","date_gmt":"2026-05-05T07:30:00","guid":{"rendered":"http:\/\/localhost\/web-ban-giay\/?post_type=product&#038;p=276"},"modified":"2026-05-15T13:03:30","modified_gmt":"2026-05-15T13:03:30","slug":"adidas-adilette-comfort","status":"publish","type":"product","link":"https:\/\/nguyenhaitrung.id.vn\/index.php\/product\/adidas-adilette-comfort\/","title":{"rendered":"Adidas Adilette Comfort"},"content":{"rendered":"<p>Cloudfoam \u00eam \u00e1i. S\u1ea3n ph\u1ea9m ch\u00ednh h\u00e3ng 100%, b\u1ea3o h\u00e0nh 12 th\u00e1ng. Freeship cho \u0111\u01a1n t\u1eeb 1.000.000\u0111.<\/p>\n","protected":false},"excerpt":{"rendered":"<p>Cloudfoam \u00eam \u00e1i<\/p>\n","protected":false},"featured_media":242,"comment_status":"open","ping_status":"closed","template":"","meta":[],"product_brand":[],"product_cat":[22],"product_tag":[17],"class_list":{"0":"post-276","1":"product","2":"type-product","3":"status-publish","4":"has-post-thumbnail","6":"product_cat-dep-sandal","7":"product_tag-giam-gia","9":"first","10":"instock","11":"sale","12":"taxable","13":"shipping-taxable","14":"purchasable","15":"product-type-simple"},"_links":{"self":[{"href":"https:\/\/nguyenhaitrung.id.vn\/index.php\/wp-json\/wp\/v2\/product\/276","targetHints":{"allow":["GET"]}}],"collection":[{"href":"https:\/\/nguyenhaitrung.id.vn\/index.php\/wp-json\/wp\/v2\/product"}],"about":[{"href":"https:\/\/nguyenhaitrung.id.vn\/index.php\/wp-json\/wp\/v2\/types\/product"}],"replies":[{"embeddable":true,"href":"https:\/\/nguyenhaitrung.id.vn\/index.php\/wp-json\/wp\/v2\/comments?post=276"}],"wp:featuredmedia":[{"embeddable":true,"href":"https:\/\/nguyenhaitrung.id.vn\/index.php\/wp-json\/wp\/v2\/media\/242"}],"wp:attachment":[{"href":"https:\/\/nguyenhaitrung.id.vn\/index.php\/wp-json\/wp\/v2\/media?parent=276"}],"wp:term":[{"taxonomy":"product_brand","embeddable":true,"href":"https:\/\/nguyenhaitrung.id.vn\/index.php\/wp-json\/wp\/v2\/product_brand?post=276"},{"taxonomy":"product_cat","embeddable":true,"href":"https:\/\/nguyenhaitrung.id.vn\/index.php\/wp-json\/wp\/v2\/product_cat?post=276"},{"taxonomy":"product_tag","embeddable":true,"href":"https:\/\/nguyenhaitrung.id.vn\/index.php\/wp-json\/wp\/v2\/product_tag?post=276"}],"curies":[{"name":"wp","href":"https:\/\/api.w.org\/{rel}","templated":true}]}}