{"id":332,"date":"2026-05-05T07:31:46","date_gmt":"2026-05-05T07:31:46","guid":{"rendered":"http:\/\/localhost\/web-ban-giay\/?post_type=product&#038;p=332"},"modified":"2026-05-05T07:32:54","modified_gmt":"2026-05-05T07:32:54","slug":"adidas-campus-00s","status":"publish","type":"product","link":"https:\/\/nguyenhaitrung.id.vn\/index.php\/product\/adidas-campus-00s\/","title":{"rendered":"Adidas Campus 00s"},"content":{"rendered":"<p>Suede, phong c\u00e1ch Y2K. S\u1ea3n ph\u1ea9m ch\u00ednh h\u00e3ng 100%, b\u1ea3o h\u00e0nh 12 th\u00e1ng. Freeship cho \u0111\u01a1n t\u1eeb 1.000.000\u0111.<\/p>\n","protected":false},"excerpt":{"rendered":"<p>Suede, phong c\u00e1ch Y2K<\/p>\n","protected":false},"featured_media":238,"comment_status":"open","ping_status":"closed","template":"","meta":[],"product_brand":[],"product_cat":[19],"product_tag":[17],"class_list":{"0":"post-332","1":"product","2":"type-product","3":"status-publish","4":"has-post-thumbnail","6":"product_cat-giay-sneaker","7":"product_tag-giam-gia","9":"first","10":"instock","11":"sale","12":"taxable","13":"shipping-taxable","14":"purchasable","15":"product-type-simple"},"_links":{"self":[{"href":"https:\/\/nguyenhaitrung.id.vn\/index.php\/wp-json\/wp\/v2\/product\/332","targetHints":{"allow":["GET"]}}],"collection":[{"href":"https:\/\/nguyenhaitrung.id.vn\/index.php\/wp-json\/wp\/v2\/product"}],"about":[{"href":"https:\/\/nguyenhaitrung.id.vn\/index.php\/wp-json\/wp\/v2\/types\/product"}],"replies":[{"embeddable":true,"href":"https:\/\/nguyenhaitrung.id.vn\/index.php\/wp-json\/wp\/v2\/comments?post=332"}],"wp:featuredmedia":[{"embeddable":true,"href":"https:\/\/nguyenhaitrung.id.vn\/index.php\/wp-json\/wp\/v2\/media\/238"}],"wp:attachment":[{"href":"https:\/\/nguyenhaitrung.id.vn\/index.php\/wp-json\/wp\/v2\/media?parent=332"}],"wp:term":[{"taxonomy":"product_brand","embeddable":true,"href":"https:\/\/nguyenhaitrung.id.vn\/index.php\/wp-json\/wp\/v2\/product_brand?post=332"},{"taxonomy":"product_cat","embeddable":true,"href":"https:\/\/nguyenhaitrung.id.vn\/index.php\/wp-json\/wp\/v2\/product_cat?post=332"},{"taxonomy":"product_tag","embeddable":true,"href":"https:\/\/nguyenhaitrung.id.vn\/index.php\/wp-json\/wp\/v2\/product_tag?post=332"}],"curies":[{"name":"wp","href":"https:\/\/api.w.org\/{rel}","templated":true}]}}